{"id":804,"date":"2012-09-10T15:57:11","date_gmt":"2012-09-10T19:57:11","guid":{"rendered":"https:\/\/horizon.trwa.ca\/?page_id=804"},"modified":"2025-08-26T15:21:10","modified_gmt":"2025-08-26T19:21:10","slug":"company","status":"publish","type":"page","link":"https:\/\/horizon.trwa.ca\/fr\/company\/","title":{"rendered":"Notre entreprise"},"content":{"rendered":"<div class=\"wpb-content-wrapper\"><p>[vc_section full_width=\u00a0\u00bbstretch_row\u00a0\u00bb parallax=\u00a0\u00bbcontent-moving\u00a0\u00bb parallax_image=\u00a0\u00bb14953&Prime; min_height=\u00a0\u00bb500px\u00a0\u00bb][vc_row][vc_column width=\u00a0\u00bb5\/6&Prime;][vc_empty_space height=\u00a0\u00bb200px\u00a0\u00bb][vc_custom_heading text=\u00a0\u00bbUne entreprise familiale canadienne depuis 1988&Prime; font_container=\u00a0\u00bbtag:h1|text_align:left|color:%23FFFFFF|line_height:1.2em\u00a0\u00bb use_theme_fonts=\u00a0\u00bbyes\u00a0\u00bb css=\u00a0\u00bb\u00a0\u00bb][\/vc_column][vc_column width=\u00a0\u00bb1\/6&Prime;][\/vc_column][\/vc_row][\/vc_section][vc_row][vc_column][vc_empty_space height=\u00a0\u00bb77&Prime;][vc_custom_heading text=\u00a0\u00bbNOUS NOUS ENGAGEONS \u00c0 \u00caTRE INNOVANTS ET \u00c0 OFFRIR DE LA VALEUR \u00c0 NOS CLIENTS.\u00a0\u00bb font_container=\u00a0\u00bbtag:h4|text_align:left|color:%2348484A\u00a0\u00bb google_fonts=\u00a0\u00bbfont_family:Roboto%3A100%2C100italic%2C300%2C300italic%2Cregular%2Citalic%2C500%2C500italic%2C700%2C700italic%2C900%2C900italic|font_style:400%20regular%3A400%3Anormal\u00a0\u00bb css=\u00a0\u00bb\u00a0\u00bb][vc_empty_space height=\u00a0\u00bb44&Prime;][vc_row_inner][vc_column_inner width=\u00a0\u00bb1\/3&Prime;][vc_column_text css=\u00a0\u00bb\u00a0\u00bb]Horizon Furniture est un important fabricant de si\u00e8ges de bureau ergonomiques et distributeur d&rsquo;accessoires informatiques ergonomiques, bas\u00e9 \u00e0 Kitchener, en Ontario, au Canada. Fond\u00e9e en 1988, Horizon poursuit sa croissance dans ses installations de 42\u00a0000 pieds carr\u00e9s.<\/p>\n<p>Nous accordons une grande importance aux processus et nous effor\u00e7ons de cr\u00e9er une exp\u00e9rience client compl\u00e8te. En tant qu&rsquo;entreprise familiale, nous partageons cette approche avec nos employ\u00e9s et nos clients.[\/vc_column_text][\/vc_column_inner][vc_column_inner width=\u00a0\u00bb1\/3&Prime;][vc_column_text css=\u00a0\u00bb\u00a0\u00bb]C&rsquo;est ce qui distingue Horizon Furniture. Entretenir des relations positives avec nos clients est au c\u0153ur de notre r\u00e9ussite.<\/p>\n<p>La recherche et le d\u00e9veloppement sont \u00e9galement au c\u0153ur des pr\u00e9occupations d&rsquo;Horizon. Nous continuons \u00e0 d\u00e9velopper de nouveaux produits innovants, inspir\u00e9s des retours clients, des principes ergonomiques et des tendances du design.[\/vc_column_text][\/vc_column_inner][vc_column_inner width=\u00a0\u00bb1\/3&Prime;][vc_column_text css=\u00a0\u00bb\u00a0\u00bb]Horizon est une marque de confiance dans la fabrication de si\u00e8ges de bureau gr\u00e2ce \u00e0 notre engagement en faveur d&rsquo;alternatives respectueuses de l&rsquo;environnement. Cela inclut le bois certifi\u00e9 FSC (Forest Stewardship Council), la mousse BioFoam\u2122 issue d&rsquo;une ressource renouvelable issue de graines, les tissus fabriqu\u00e9s \u00e0 partir de mat\u00e9riaux recycl\u00e9s, ainsi que le recyclage de plus de 95 % des d\u00e9chets produits par l&rsquo;usine. Ceci t\u00e9moigne des valeurs d&rsquo;Horizon Furniture et de nos g\u00e9n\u00e9rations futures.[\/vc_column_text][\/vc_column_inner][\/vc_row_inner][vc_empty_space height=\u00a0\u00bb2&Prime;][\/vc_column][\/vc_row][vc_section css=\u00a0\u00bb.vc_custom_1743858991912{margin-bottom: 40px !important;}\u00a0\u00bb][vc_row][vc_column width=\u00a0\u00bb1\/4&Prime;][vc_single_image image=\u00a0\u00bb13783&Prime; img_size=\u00a0\u00bb400&#215;400&Prime; css=\u00a0\u00bb\u00a0\u00bb][vc_column_text css=\u00a0\u00bb\u00a0\u00bb]Si\u00e8ge social situ\u00e9 \u00e0 Kitchener, Ontario, Canada[\/vc_column_text][\/vc_column][vc_column width=\u00a0\u00bb1\/4&Prime;][vc_single_image image=\u00a0\u00bb13897&Prime; img_size=\u00a0\u00bb400&#215;372&Prime; css=\u00a0\u00bb\u00a0\u00bb][vc_column_text css=\u00a0\u00bb\u00a0\u00bb]Une grande attention aux d\u00e9tails avec chaque produit exp\u00e9di\u00e9.[\/vc_column_text][\/vc_column][vc_column width=\u00a0\u00bb1\/4&Prime;][vc_single_image image=\u00a0\u00bb13793&Prime; img_size=\u00a0\u00bb400&#215;400&Prime; alignment=\u00a0\u00bbright\u00a0\u00bb css=\u00a0\u00bb\u00a0\u00bb][vc_column_text css=\u00a0\u00bb\u00a0\u00bb]De la conception initiale \u00e0 la fabrication artisanale.[\/vc_column_text][\/vc_column][vc_column width=\u00a0\u00bb1\/4&Prime;][vc_single_image image=\u00a0\u00bb13445&Prime; img_size=\u00a0\u00bb400&#215;372&Prime; alignment=\u00a0\u00bbcenter\u00a0\u00bb css=\u00a0\u00bb\u00a0\u00bb][vc_column_text css=\u00a0\u00bb\u00a0\u00bb]Concevez sur mesure selon vos besoins dans Horizon Spec\u2122.[\/vc_column_text][\/vc_column][\/vc_row][\/vc_section]<\/p>\n<\/div>","protected":false},"excerpt":{"rendered":"<p>[vc_section full_width=\u00a0\u00bbstretch_row\u00a0\u00bb parallax=\u00a0\u00bbcontent-moving\u00a0\u00bb parallax_image=\u00a0\u00bb14953&Prime; min_height=\u00a0\u00bb500px\u00a0\u00bb][vc_row][vc_column width=\u00a0\u00bb5\/6&Prime;][vc_empty_space height=\u00a0\u00bb200px\u00a0\u00bb][vc_custom_heading text=\u00a0\u00bbUne entreprise familiale canadienne depuis 1988&Prime; font_container=\u00a0\u00bbtag:h1|text_align:left|color:%23FFFFFF|line_height:1.2em\u00a0\u00bb use_theme_fonts=\u00a0\u00bbyes\u00a0\u00bb css=\u00a0\u00bb\u00a0\u00bb][\/vc_column][vc_column width=\u00a0\u00bb1\/6&Prime;][\/vc_column][\/vc_row][\/vc_section][vc_row][vc_column][vc_empty_space height=\u00a0\u00bb77&Prime;][vc_custom_heading text=\u00a0\u00bbNOUS NOUS ENGAGEONS \u00c0 \u00caTRE INNOVANTS ET \u00c0 OFFRIR DE LA VALEUR \u00c0 NOS CLIENTS.\u00a0\u00bb font_container=\u00a0\u00bbtag:h4|text_align:left|color:%2348484A\u00a0\u00bb google_fonts=\u00a0\u00bbfont_family:Roboto%3A100%2C100italic%2C300%2C300italic%2Cregular%2Citalic%2C500%2C500italic%2C700%2C700italic%2C900%2C900italic|font_style:400%20regular%3A400%3Anormal\u00a0\u00bb css=\u00a0\u00bb\u00a0\u00bb][vc_empty_space height=\u00a0\u00bb44&Prime;][vc_row_inner][vc_column_inner width=\u00a0\u00bb1\/3&Prime;][vc_column_text css=\u00a0\u00bb\u00a0\u00bb]Horizon Furniture est un important fabricant de si\u00e8ges de bureau ergonomiques et distributeur d&rsquo;accessoires informatiques ergonomiques, bas\u00e9&hellip;<\/p>\n","protected":false},"author":79,"featured_media":0,"parent":0,"menu_order":0,"comment_status":"closed","ping_status":"closed","template":"","meta":{"_acf_changed":false,"footnotes":""},"class_list":["post-804","page","type-page","status-publish","hentry"],"acf":[],"_links":{"self":[{"href":"https:\/\/horizon.trwa.ca\/fr\/wp-json\/wp\/v2\/pages\/804","targetHints":{"allow":["GET"]}}],"collection":[{"href":"https:\/\/horizon.trwa.ca\/fr\/wp-json\/wp\/v2\/pages"}],"about":[{"href":"https:\/\/horizon.trwa.ca\/fr\/wp-json\/wp\/v2\/types\/page"}],"author":[{"embeddable":true,"href":"https:\/\/horizon.trwa.ca\/fr\/wp-json\/wp\/v2\/users\/79"}],"replies":[{"embeddable":true,"href":"https:\/\/horizon.trwa.ca\/fr\/wp-json\/wp\/v2\/comments?post=804"}],"version-history":[{"count":39,"href":"https:\/\/horizon.trwa.ca\/fr\/wp-json\/wp\/v2\/pages\/804\/revisions"}],"predecessor-version":[{"id":14985,"href":"https:\/\/horizon.trwa.ca\/fr\/wp-json\/wp\/v2\/pages\/804\/revisions\/14985"}],"wp:attachment":[{"href":"https:\/\/horizon.trwa.ca\/fr\/wp-json\/wp\/v2\/media?parent=804"}],"curies":[{"name":"wp","href":"https:\/\/api.w.org\/{rel}","templated":true}]}}