{"id":699,"date":"2012-08-23T15:19:47","date_gmt":"2012-08-23T19:19:47","guid":{"rendered":"https:\/\/horizon.trwa.ca\/?page_id=699"},"modified":"2025-09-03T15:44:49","modified_gmt":"2025-09-03T19:44:49","slug":"gouvernment","status":"publish","type":"page","link":"https:\/\/horizon.trwa.ca\/fr\/gouvernment\/","title":{"rendered":"Gouvernement"},"content":{"rendered":"<div class=\"wpb-content-wrapper\"><p>[vc_section full_width=\u00a0\u00bbstretch_row\u00a0\u00bb content_placement=\u00a0\u00bbtop\u00a0\u00bb parallax=\u00a0\u00bbcontent-moving\u00a0\u00bb parallax_image=\u00a0\u00bb13930&Prime; min_height=\u00a0\u00bb400px\u00a0\u00bb][vc_row][vc_column width=\u00a0\u00bb5\/6&Prime;][vc_empty_space height=\u00a0\u00bb200px\u00a0\u00bb][vc_custom_heading text=\u00a0\u00bbInformations sur les produits gouvernementaux\u00a0\u00bb font_container=\u00a0\u00bbtag:h1|text_align:left|color:%23FFFFFF|line_height:1.2em\u00a0\u00bb use_theme_fonts=\u00a0\u00bbyes\u00a0\u00bb css=\u00a0\u00bb\u00a0\u00bb][vc_empty_space height=\u00a0\u00bb20px\u00a0\u00bb][\/vc_column][vc_column width=\u00a0\u00bb1\/6&Prime;][\/vc_column][\/vc_row][\/vc_section][vc_row][vc_column][vc_empty_space height=\u00a0\u00bb77&Prime;][vc_column_text css=\u00a0\u00bb\u00a0\u00bb]Horizon fabrique et distribue une gamme compl\u00e8te de si\u00e8ges et d&rsquo;accessoires ergonomiques, disponibles en stock ou sur mesure, selon vos besoins budg\u00e9taires, les sp\u00e9cifications d\u00e9taill\u00e9es de vos projets\/produits, ou encore les besoins d&rsquo;une personne ou d&rsquo;un sc\u00e9nario sp\u00e9cifique. Le tout, dans les d\u00e9lais impartis et \u00e0 un prix adapt\u00e9. Contactez votre repr\u00e9sentant Horizon pour savoir comment nous pouvons vous aider \u00e0 r\u00e9pondre \u00e0 ces exigences et \u00e0 assurer la r\u00e9ussite de votre projet. Nous travaillons en \u00e9troite collaboration avec notre r\u00e9seau de revendeurs agr\u00e9\u00e9s afin de garantir que l&rsquo;ensemble du processus soit men\u00e9 avec le plus grand soin, en accordant la priorit\u00e9 aux besoins et aux int\u00e9r\u00eats de nos clients.[\/vc_column_text][vc_row_inner][vc_column_inner width=\u00a0\u00bb1\/2&Prime;][vc_custom_heading text=\u00a0\u00bbMEUBLES HORIZON ESPACES DE TRAVAIL F\u00c9D\u00c9RAUX DE TPSGC\u00a0\u00bb font_container=\u00a0\u00bbtag:h4|text_align:left|color:%2348484A|line_height:1.2&Prime; google_fonts=\u00a0\u00bbfont_family:Roboto%3A100%2C100italic%2C300%2C300italic%2Cregular%2Citalic%2C500%2C500italic%2C700%2C700italic%2C900%2C900italic|font_style:400%20regular%3A400%3Anormal\u00a0\u00bb css=\u00a0\u00bb\u00a0\u00bb][vc_column_text css=\u00a0\u00bb\u00a0\u00bb]<span style=\"font-weight: 400;\">T\u00e9l\u00e9chargez le PDF Horizon\u2122 pour l&rsquo;arrangement en mati\u00e8re d&rsquo;approvisionnement pour les espaces de travail f\u00e9d\u00e9raux de TPSGC et examinez la liste des fournisseurs conformes dans le document sur la couverture des travaux. <\/span><span style=\"font-weight: 400;\">la liste des fournisseurs conformes dans le document sur la couverture des travaux. <\/span><\/p>\n<p><span style=\"font-weight: 400;\">Ce document sera mis \u00e0 jour si des changements sont confirm\u00e9s.<\/span>[\/vc_column_text][lab_button title=\u00a0\u00bbArrangement f\u00e9d\u00e9ral en mati\u00e8re d&rsquo;approvisionnement en espaces de travail de TPSGC\u00a0\u00bb type=\u00a0\u00bboutlined\u00a0\u00bb size=\u00a0\u00bbbtn-small\u00a0\u00bb button_bg=\u00a0\u00bbbtn-red\u00a0\u00bb link=\u00a0\u00bburl:https%3A%2F%2Fhorizon.trwa.ca%2Fwp-content%2Fuploads%2F2024%2F10%2FWorkspaces-Supply-Arrangement_Fre2024Oct-1.pdf|target:_blank\u00a0\u00bb][vc_empty_space height=\u00a0\u00bb22px\u00a0\u00bb][\/vc_column_inner][vc_column_inner width=\u00a0\u00bb1\/2&Prime;][vc_custom_heading text=\u00a0\u00bbOFFRE DE SI\u00c8GES HORIZON ARRANGEMENT TPSGC\u00a0\u00bb font_container=\u00a0\u00bbtag:h4|text_align:left|color:%2348484A|line_height:1.2&Prime; google_fonts=\u00a0\u00bbfont_family:Roboto%3A100%2C100italic%2C300%2C300italic%2Cregular%2Citalic%2C500%2C500italic%2C700%2C700italic%2C900%2C900italic|font_style:400%20regular%3A400%3Anormal\u00a0\u00bb css=\u00a0\u00bb\u00a0\u00bb][vc_column_text css=\u00a0\u00bb\u00a0\u00bb]<span style=\"font-weight: 400;\">L&rsquo;Arrangement f\u00e9d\u00e9ral en mati\u00e8re d&rsquo;approvisionnement en si\u00e8ges avec TPSGC n&rsquo;est pas disponible actuellement. Consultez la liste des fournisseurs conformes dans le document sur la couverture des travaux. Ce document sera mis \u00e0 jour si des changements sont confirm\u00e9s.<\/span>[\/vc_column_text][\/vc_column_inner][\/vc_row_inner][vc_empty_space height=\u00a0\u00bb20px\u00a0\u00bb][\/vc_column][\/vc_row]<\/p>\n<\/div>","protected":false},"excerpt":{"rendered":"<p>[vc_section full_width=\u00a0\u00bbstretch_row\u00a0\u00bb content_placement=\u00a0\u00bbtop\u00a0\u00bb parallax=\u00a0\u00bbcontent-moving\u00a0\u00bb parallax_image=\u00a0\u00bb13930&Prime; min_height=\u00a0\u00bb400px\u00a0\u00bb][vc_row][vc_column width=\u00a0\u00bb5\/6&Prime;][vc_empty_space height=\u00a0\u00bb200px\u00a0\u00bb][vc_custom_heading text=\u00a0\u00bbInformations sur les produits gouvernementaux\u00a0\u00bb font_container=\u00a0\u00bbtag:h1|text_align:left|color:%23FFFFFF|line_height:1.2em\u00a0\u00bb use_theme_fonts=\u00a0\u00bbyes\u00a0\u00bb css=\u00a0\u00bb\u00a0\u00bb][vc_empty_space height=\u00a0\u00bb20px\u00a0\u00bb][\/vc_column][vc_column width=\u00a0\u00bb1\/6&Prime;][\/vc_column][\/vc_row][\/vc_section][vc_row][vc_column][vc_empty_space height=\u00a0\u00bb77&Prime;][vc_column_text css=\u00a0\u00bb\u00a0\u00bb]Horizon fabrique et distribue une gamme compl\u00e8te de si\u00e8ges et d&rsquo;accessoires ergonomiques, disponibles en stock ou sur mesure, selon vos besoins budg\u00e9taires, les sp\u00e9cifications d\u00e9taill\u00e9es de vos projets\/produits, ou encore les besoins d&rsquo;une personne ou d&rsquo;un&hellip;<\/p>\n","protected":false},"author":79,"featured_media":0,"parent":0,"menu_order":0,"comment_status":"closed","ping_status":"closed","template":"","meta":{"_acf_changed":false,"footnotes":""},"class_list":["post-699","page","type-page","status-publish","hentry"],"acf":[],"_links":{"self":[{"href":"https:\/\/horizon.trwa.ca\/fr\/wp-json\/wp\/v2\/pages\/699","targetHints":{"allow":["GET"]}}],"collection":[{"href":"https:\/\/horizon.trwa.ca\/fr\/wp-json\/wp\/v2\/pages"}],"about":[{"href":"https:\/\/horizon.trwa.ca\/fr\/wp-json\/wp\/v2\/types\/page"}],"author":[{"embeddable":true,"href":"https:\/\/horizon.trwa.ca\/fr\/wp-json\/wp\/v2\/users\/79"}],"replies":[{"embeddable":true,"href":"https:\/\/horizon.trwa.ca\/fr\/wp-json\/wp\/v2\/comments?post=699"}],"version-history":[{"count":17,"href":"https:\/\/horizon.trwa.ca\/fr\/wp-json\/wp\/v2\/pages\/699\/revisions"}],"predecessor-version":[{"id":15040,"href":"https:\/\/horizon.trwa.ca\/fr\/wp-json\/wp\/v2\/pages\/699\/revisions\/15040"}],"wp:attachment":[{"href":"https:\/\/horizon.trwa.ca\/fr\/wp-json\/wp\/v2\/media?parent=699"}],"curies":[{"name":"wp","href":"https:\/\/api.w.org\/{rel}","templated":true}]}}