{"id":687,"date":"2012-08-23T15:05:28","date_gmt":"2012-08-23T19:05:28","guid":{"rendered":"https:\/\/horizon.trwa.ca\/?page_id=687"},"modified":"2025-09-03T15:32:13","modified_gmt":"2025-09-03T19:32:13","slug":"environment","status":"publish","type":"page","link":"https:\/\/horizon.trwa.ca\/fr\/environment\/","title":{"rendered":"Horizon et l&rsquo;environnement"},"content":{"rendered":"<div class=\"wpb-content-wrapper\"><p>[vc_section full_width=\u00a0\u00bbstretch_row\u00a0\u00bb content_placement=\u00a0\u00bbtop\u00a0\u00bb parallax=\u00a0\u00bbcontent-moving\u00a0\u00bb parallax_image=\u00a0\u00bb13701&Prime; min_height=\u00a0\u00bb500px\u00a0\u00bb][vc_row][vc_column][vc_empty_space height=\u00a0\u00bb200px\u00a0\u00bb][vc_custom_heading text=\u00a0\u00bbNous prenons au s\u00e9rieux le<br \/>\nrespect et la protection de la plan\u00e8te.\u00a0\u00bb font_container=\u00a0\u00bbtag:h1|text_align:left|color:%23FFFFFF|line_height:1.2em\u00a0\u00bb use_theme_fonts=\u00a0\u00bbyes\u00a0\u00bb css=\u00a0\u00bb\u00a0\u00bb][\/vc_column][\/vc_row][\/vc_section][vc_row][vc_column][vc_empty_space][\/vc_column][\/vc_row][vc_row][vc_column][vc_single_image image=\u00a0\u00bb13718&Prime; css=\u00a0\u00bb\u00a0\u00bb][vc_empty_space height=\u00a0\u00bb10px\u00a0\u00bb][vc_custom_heading text=\u00a0\u00bbD\u00c9COUVREZ L&rsquo;ENGAGEMENT VERT D&rsquo;HORIZON\u00a0\u00bb font_container=\u00a0\u00bbtag:h4|text_align:left|color:%2348484A\u00a0\u00bb google_fonts=\u00a0\u00bbfont_family:Roboto%3A100%2C100italic%2C300%2C300italic%2Cregular%2Citalic%2C500%2C500italic%2C700%2C700italic%2C900%2C900italic|font_style:400%20regular%3A400%3Anormal\u00a0\u00bb css=\u00a0\u00bb\u00a0\u00bb][vc_empty_space height=\u00a0\u00bb30&Prime;][vc_column_text css=\u00a0\u00bb\u00a0\u00bb]Bien avant que les gouvernements ne promulguent des r\u00e9glementations environnementales et bien des ann\u00e9es avant l&rsquo;introduction de la norme ISO 14000, les collaborateurs d&rsquo;Horizon faisaient preuve d&rsquo;un profond respect pour l&rsquo;environnement par une s\u00e9rie d&rsquo;actions concr\u00e8tes et innovantes. Notre motivation \u00e9tait aussi simple \u00e0 l&rsquo;\u00e9poque qu&rsquo;aujourd&rsquo;hui\u00a0: agir dans l&rsquo;int\u00e9r\u00eat de l&rsquo;environnement.[\/vc_column_text][vc_empty_space height=\u00a0\u00bb20px\u00a0\u00bb][vc_custom_heading text=\u00a0\u00bbQUALIT\u00c9 ET DURABILIT\u00c9\u00a0\u00bb font_container=\u00a0\u00bbtag:h4|text_align:left|color:%2348484A\u00a0\u00bb google_fonts=\u00a0\u00bbfont_family:Roboto%3A100%2C100italic%2C300%2C300italic%2Cregular%2Citalic%2C500%2C500italic%2C700%2C700italic%2C900%2C900italic|font_style:400%20regular%3A400%3Anormal\u00a0\u00bb css=\u00a0\u00bb\u00a0\u00bb][vc_empty_space height=\u00a0\u00bb20px\u00a0\u00bb][vc_column_text css=\u00a0\u00bb\u00a0\u00bb]L&rsquo;une des meilleures fa\u00e7ons d&rsquo;\u00eatre \u00e9co-responsable est de fabriquer et de commercialiser des produits con\u00e7us pour durer ! \u00c0 l&rsquo;\u00e8re du jetable, les fabricants fabriquent des si\u00e8ges et des accessoires ergonomiques jetables \u00e0 dur\u00e9e de vie tr\u00e8s courte, se concentrant uniquement sur le prix. Ce compromis entre qualit\u00e9 et durabilit\u00e9 non seulement trompe le consommateur \u00e0 long terme, mais encombre \u00e9galement nos d\u00e9charges. L&rsquo;attention constante port\u00e9e par Horizon \u00e0 la qualit\u00e9 et \u00e0 la durabilit\u00e9 des composants et des mati\u00e8res premi\u00e8res que nous utilisons, ainsi que des produits que nous fabriquons, garantit une dur\u00e9e de vie plus longue. La modularit\u00e9 des si\u00e8ges Horizon signifie \u00e9galement que des pi\u00e8ces et composants de rechange sont disponibles si vous pr\u00e9f\u00e9rez r\u00e9parer plut\u00f4t que remplacer votre si\u00e8ge.[\/vc_column_text][vc_empty_space height=\u00a0\u00bb20px\u00a0\u00bb][vc_column_text css=\u00a0\u00bb\u00a0\u00bb]<\/p>\n<h5>Parmi nos initiatives environnementales, citons\u00a0:<\/h5>\n<p>Horizon s&rsquo;engage \u00e0 maintenir la certification Clean Air Gold\u00ae pour ses mod\u00e8les les plus populaires fabriqu\u00e9s au Canada. Cette certification est un \u00e9l\u00e9ment cl\u00e9 du processus de certification BIFMA niveau e3, garantissant que les produits ne d\u00e9gagent pas de gaz et n&rsquo;introduisent pas de substances potentiellement nocives dans l&rsquo;air ambiant.<\/p>\n<p>Suppression de l\u2019utilisation de bois tropicaux inscrits \u00e0 la CITES (Convention sur le commerce international des esp\u00e8ces de faune et de flore sauvages menac\u00e9es d\u2019extinction) et optimisation de l\u2019utilisation de produits en bois issus de for\u00eats g\u00e9r\u00e9es durablement.<\/p>\n<p>Tous les composants en mousse et en polyur\u00e9thane sont fabriqu\u00e9s avec des agents gonflants sans chlorofluorocarbures (CFC). Des mousses biosourc\u00e9es sont progressivement introduites pour remplacer les produits \u00e0 base de combustibles fossiles (p\u00e9trole).<\/p>\n<p>Les adh\u00e9sifs utilis\u00e9s pour la fabrication des si\u00e8ges HORIZON sont \u00e0 base d\u2019eau, ce qui r\u00e9duit leur impact environnemental et est con\u00e7u pour r\u00e9duire, voire \u00e9liminer, les d\u00e9gagements gazeux dans le produit fini, contribuant ainsi \u00e0 un environnement de travail plus sain pour l\u2019utilisateur final.<\/p>\n<p>Optimisation de l\u2019utilisation de la technologie de peinture thermolaqu\u00e9e sur les pi\u00e8ces et composants m\u00e9talliques de nos produits.[\/vc_column_text][vc_empty_space height=\u00a0\u00bb20&Prime;][vc_separator css=\u00a0\u00bb\u00a0\u00bb][vc_empty_space height=\u00a0\u00bb24&Prime;][vc_row_inner][vc_column_inner width=\u00a0\u00bb1\/3&Prime;][vc_column_text css=\u00a0\u00bb\u00a0\u00bb]<\/p>\n<h3>Mousse et avenir<\/h3>\n<p>Horizon a nou\u00e9 des partenariats avec des fournisseurs fiables qui ont consacr\u00e9 de nombreuses ann\u00e9es \u00e0 la recherche, au d\u00e9veloppement et \u00e0 l&rsquo;exp\u00e9rimentation prim\u00e9s de mousse r\u00e9siliente pour les si\u00e8ges.<\/p>\n<p>Ce changement a permis de modifier la composition de la mousse r\u00e9siliente (coussins) pour cr\u00e9er un nouveau produit innovant. Ce nouveau compos\u00e9 de mousse contient des ressources naturelles renouvelables au lieu de polyols d&rsquo;origine p\u00e9trochimique et r\u00e9duit ainsi les \u00e9missions de gaz \u00e0 effet de serre. Cette nouvelle \u00ab\u00a0mousse bio-renouvelable\u00a0\u00bb est fabriqu\u00e9e \u00e0 partir d&rsquo;huiles naturelles issues de graines, comme le soja et d&rsquo;autres, rapidement renouvelables et respectueuses de la cha\u00eene alimentaire. 15 \u00e0 20\u00a0% du produit final est donc biosourc\u00e9.<\/p>\n<p>La mousse bio-renouvelable offre des performances aussi performantes que la mousse traditionnelle\u00a0: elle est sans CFC, pr\u00e9sente une faible \u00e9mission d&rsquo;odeurs, une stabilit\u00e9 aux UV sup\u00e9rieure, une consistance et une densit\u00e9 stables, et sa mati\u00e8re premi\u00e8re est renouvelable et abondante. De plus, la consommation d&rsquo;\u00e9nergie n\u00e9cessaire \u00e0 la fabrication de mousse \u00e0 partir de mat\u00e9riaux biosourc\u00e9s est nettement inf\u00e9rieure \u00e0 celle des proc\u00e9d\u00e9s p\u00e9trochimiques traditionnels.[\/vc_column_text][vc_single_image image=\u00a0\u00bb15026&Prime; css=\u00a0\u00bb\u00a0\u00bb][\/vc_column_inner][vc_column_inner width=\u00a0\u00bb1\/3&Prime;][vc_column_text css=\u00a0\u00bb\u00a0\u00bb]<\/p>\n<h3>Textiles d&rsquo;aujourd&rsquo;hui et de demain<\/h3>\n<p>Horizon est \u00e0 la pointe des tissus recycl\u00e9s et recyclables depuis de nombreuses ann\u00e9es, proposant une large gamme de tissus d&rsquo;ameublement \u00e9conomiques et milieu de gamme. HORIZON a \u00e9t\u00e9 l&rsquo;un des premiers fabricants de si\u00e8ges de bureau \u00e0 proposer une gamme milieu de gamme de tissus en stock, fabriqu\u00e9s \u00e0 partir de mat\u00e9riaux 100 % recycl\u00e9s et 100 % recyclables en fin de vie. Ces tissus offrent une alternative \u00e9cologique sans compromis sur la qualit\u00e9, la durabilit\u00e9, le confort ou l&rsquo;esth\u00e9tique !<\/p>\n<p>Horizon Furniture est l&rsquo;un des premiers fabricants de mobilier de bureau \u00e0 proposer des options de rev\u00eatement en fibre de bambou. Longtemps utilis\u00e9 comme mat\u00e9riau de construction et comme source alimentaire, le bambou est de plus en plus reconnu sur le march\u00e9 de l&rsquo;ameublement pour la maison et les collectivit\u00e9s gr\u00e2ce \u00e0 ses propri\u00e9t\u00e9s de fibre douce, durable et respirante. Il existe plus de 1\u00a0000 esp\u00e8ces de bambou sur la plan\u00e8te, certaines pouvant pousser jusqu&rsquo;\u00e0 un m\u00e8tre par jour. Son adaptabilit\u00e9 \u00e0 diff\u00e9rents climats et niveaux de pr\u00e9cipitations, associ\u00e9e \u00e0 sa p\u00e9riode de r\u00e9colte de 3 \u00e0 5 ans \u2013 nettement plus courte que la plupart des r\u00e9sineux \u2013 en font l\u2019une des ressources les plus polyvalentes et les plus rapidement renouvelables au monde.[\/vc_column_text][\/vc_column_inner][vc_column_inner width=\u00a0\u00bb1\/3&Prime;][vc_single_image image=\u00a0\u00bb13731&Prime; img_size=\u00a0\u00bbmedium\u00a0\u00bb css=\u00a0\u00bb\u00a0\u00bb][\/vc_column_inner][\/vc_row_inner][\/vc_column][\/vc_row][vc_row][vc_column][vc_separator css=\u00a0\u00bb\u00a0\u00bb][vc_empty_space height=\u00a0\u00bb24&Prime;][vc_column_text css=\u00a0\u00bb\u00a0\u00bb]<\/p>\n<h3>Horizon suppl\u00e9mentaire lance des initiatives pour soutenir davantage notre r\u00f4le dans la gestion de l&rsquo;environnement :<\/h3>\n<p>[\/vc_column_text][vc_row_inner][vc_column_inner width=\u00a0\u00bb1\/3&Prime;][vc_column_text css=\u00a0\u00bb\u00a0\u00bb]<\/p>\n<h5>Composants en bois<\/h5>\n<p>Horizon s&rsquo;efforce d&rsquo;utiliser exclusivement des composants en contreplaqu\u00e9 certifi\u00e9s issus de for\u00eats g\u00e9r\u00e9es durablement. Cela signifie que les grumes utilis\u00e9es proviennent soit d&rsquo;arbres adultes, soit de plantations certifi\u00e9es FSC (Forest Stewardship Council). Les adh\u00e9sifs utilis\u00e9s pour la production de composants en contreplaqu\u00e9 courb\u00e9 respectent largement la norme E1 en mati\u00e8re d&rsquo;\u00e9missions, soit le niveau le plus bas actuellement disponible sur le march\u00e9. \u00c0 l&rsquo;instar de la plupart des fabricants responsables, Horizon a \u00e9galement \u00e9limin\u00e9 l&rsquo;utilisation de bois tropicaux inscrits \u00e0 la CITES (Convention sur le commerce international des esp\u00e8ces de faune et de flore sauvages menac\u00e9es d&rsquo;extinction).[\/vc_column_text][\/vc_column_inner][vc_column_inner width=\u00a0\u00bb1\/3&Prime;][vc_column_text css=\u00a0\u00bb\u00a0\u00bb]<\/p>\n<h5>Plan de r\u00e9duction des d\u00e9chets<\/h5>\n<p>Horizon Furniture travaille activement depuis de nombreuses ann\u00e9es \u00e0 la r\u00e9duction des d\u00e9chets. Nous recherchons constamment de nouvelles fa\u00e7ons de r\u00e9duire, de r\u00e9utiliser et de recycler nos d\u00e9chets. Chaque ann\u00e9e, nous adoptons de nouveaux proc\u00e9d\u00e9s qui d\u00e9tournent davantage de d\u00e9chets des sites d&rsquo;enfouissement vers des applications utiles.<\/p>\n<p>Notre bilan est impressionnant\u2026 Horizon recycle actuellement pr\u00e8s de 95 % des d\u00e9chets qu&rsquo;il g\u00e9n\u00e8re chaque ann\u00e9e. Cela signifie que moins de 5 % du total des d\u00e9chets produits par Horizon finissent \u00e0 la d\u00e9charge ! Et nous nous engageons \u00e0 r\u00e9duire ce volume d&rsquo;au moins 5 % suppl\u00e9mentaires au cours de l&rsquo;ann\u00e9e \u00e0 venir. Mais il reste encore du travail \u00e0 faire\u2026 Outre les plans de r\u00e9acheminement et de r\u00e9duction des d\u00e9chets d\u00e9j\u00e0 en place, nous d\u00e9veloppons \u00e9galement de nouvelles utilisations pour nos chutes de tissu. Nous ne nous arr\u00eaterons pas tant que nous n&rsquo;aurons pas recycl\u00e9 100 % de nos d\u00e9chets. C&rsquo;est possible.[\/vc_column_text][\/vc_column_inner][vc_column_inner width=\u00a0\u00bb1\/3&Prime;][vc_column_text css=\u00a0\u00bb\u00a0\u00bb]<\/p>\n<h5>Emballage<\/h5>\n<p>Toutes les entreprises utilisent des cartons d&rsquo;exp\u00e9dition et divers types d&#8217;emballages pour prot\u00e9ger leurs produits pendant le transport et l&rsquo;entreposage\u2026 et Horizon ne fait pas exception. Chez Horizon, nous nous engageons \u00e0 n&rsquo;utiliser que du carton recycl\u00e9 pour nos cartons d&rsquo;exp\u00e9dition. Pour \u00eatre class\u00e9 comme \u00ab\u00a0recycl\u00e9\u00a0\u00bb, selon le programme Choix environnemental d&rsquo;Environnement Canada, un produit doit contenir au moins 50\u00a0% de mat\u00e9riaux recycl\u00e9s.<\/p>\n<p>Avons-nous respect\u00e9 les directives gouvernementales\u00a0? Une fois de plus, nous les avons d\u00e9pass\u00e9es\u00a0! Les cartons d&rsquo;exp\u00e9dition d&rsquo;Horizon contiennent au moins 80\u00a0% de mat\u00e9riaux recycl\u00e9s.<\/p>\n<p>Ce n&rsquo;est pas tout\u2026 Voici d&rsquo;autres fa\u00e7ons dont le programme d&#8217;emballage d&rsquo;Horizon pr\u00e9serve notre environnement\u00a0:<\/p>\n<p>Les cartons d&rsquo;exp\u00e9dition d&rsquo;Horizon sont fabriqu\u00e9s \u00e0 partir de papier recycl\u00e9. Ils peuvent donc \u00eatre recycl\u00e9s.<\/p>\n<p>Horizon permet \u00e0 ses revendeurs de retourner les cartons usag\u00e9s. Les cartons sont tri\u00e9s, inspect\u00e9s et r\u00e9\u00e9tiquet\u00e9s pour \u00eatre r\u00e9utilis\u00e9s lors de futures commandes.<\/p>\n<p>Nos cartons sont imprim\u00e9s avec des encres \u00e0 base d&rsquo;eau, qui n&rsquo;utilisent pas de solvants nocifs ni de pigments m\u00e9talliques lourds. Ces encres sont plus faciles \u00e0 d\u00e9composer pour le recyclage.<\/p>\n<p>Horizon exp\u00e9die les produits assembl\u00e9s et emball\u00e9s sous film plastique ou sous couverture, \u00e9liminant ainsi le besoin de cartonnage, lorsque la distance d&rsquo;exp\u00e9dition est raisonnable pour ce mode de transport.<\/p>\n<p>L&rsquo;utilisation de cartons de diff\u00e9rentes tailles nous permet de r\u00e9duire la quantit\u00e9 d&#8217;emballage n\u00e9cessaire. Nos emballeurs choisissent la plus petite bo\u00eete possible pour chaque produit.<\/p>\n<p>Horizon exp\u00e9die de plus en plus de chaises \u00ab\u00a0d\u00e9mont\u00e9es\u00a0\u00bb. Ces chaises n\u00e9cessitent un faible assemblage, mais permettent de gagner 50 \u00e0 75\u00a0% de place dans le carton et de r\u00e9duire les co\u00fbts de transport par rapport aux produits enti\u00e8rement assembl\u00e9s. La r\u00e9duction des dimensions des envois permet de r\u00e9duire le nombre de camions n\u00e9cessaires au transport des marchandises, r\u00e9duisant ainsi notre empreinte carbone.[\/vc_column_text][\/vc_column_inner][vc_column_inner][\/vc_column_inner][vc_column_inner][\/vc_column_inner][\/vc_row_inner][\/vc_column][\/vc_row]<\/p>\n<\/div>","protected":false},"excerpt":{"rendered":"<p>[vc_section full_width=\u00a0\u00bbstretch_row\u00a0\u00bb content_placement=\u00a0\u00bbtop\u00a0\u00bb parallax=\u00a0\u00bbcontent-moving\u00a0\u00bb parallax_image=\u00a0\u00bb13701&Prime; min_height=\u00a0\u00bb500px\u00a0\u00bb][vc_row][vc_column][vc_empty_space height=\u00a0\u00bb200px\u00a0\u00bb][vc_custom_heading text=\u00a0\u00bbNous prenons au s\u00e9rieux le respect et la protection de la plan\u00e8te.\u00a0\u00bb font_container=\u00a0\u00bbtag:h1|text_align:left|color:%23FFFFFF|line_height:1.2em\u00a0\u00bb use_theme_fonts=\u00a0\u00bbyes\u00a0\u00bb css=\u00a0\u00bb\u00a0\u00bb][\/vc_column][\/vc_row][\/vc_section][vc_row][vc_column][vc_empty_space][\/vc_column][\/vc_row][vc_row][vc_column][vc_single_image image=\u00a0\u00bb13718&Prime; css=\u00a0\u00bb\u00a0\u00bb][vc_empty_space height=\u00a0\u00bb10px\u00a0\u00bb][vc_custom_heading text=\u00a0\u00bbD\u00c9COUVREZ L&rsquo;ENGAGEMENT VERT D&rsquo;HORIZON\u00a0\u00bb font_container=\u00a0\u00bbtag:h4|text_align:left|color:%2348484A\u00a0\u00bb google_fonts=\u00a0\u00bbfont_family:Roboto%3A100%2C100italic%2C300%2C300italic%2Cregular%2Citalic%2C500%2C500italic%2C700%2C700italic%2C900%2C900italic|font_style:400%20regular%3A400%3Anormal\u00a0\u00bb css=\u00a0\u00bb\u00a0\u00bb][vc_empty_space height=\u00a0\u00bb30&Prime;][vc_column_text css=\u00a0\u00bb\u00a0\u00bb]Bien avant que les gouvernements ne promulguent des r\u00e9glementations environnementales et bien des ann\u00e9es avant l&rsquo;introduction de la norme ISO 14000, les&hellip;<\/p>\n","protected":false},"author":79,"featured_media":0,"parent":0,"menu_order":0,"comment_status":"closed","ping_status":"closed","template":"","meta":{"_acf_changed":false,"footnotes":""},"class_list":["post-687","page","type-page","status-publish","hentry"],"acf":[],"_links":{"self":[{"href":"https:\/\/horizon.trwa.ca\/fr\/wp-json\/wp\/v2\/pages\/687","targetHints":{"allow":["GET"]}}],"collection":[{"href":"https:\/\/horizon.trwa.ca\/fr\/wp-json\/wp\/v2\/pages"}],"about":[{"href":"https:\/\/horizon.trwa.ca\/fr\/wp-json\/wp\/v2\/types\/page"}],"author":[{"embeddable":true,"href":"https:\/\/horizon.trwa.ca\/fr\/wp-json\/wp\/v2\/users\/79"}],"replies":[{"embeddable":true,"href":"https:\/\/horizon.trwa.ca\/fr\/wp-json\/wp\/v2\/comments?post=687"}],"version-history":[{"count":34,"href":"https:\/\/horizon.trwa.ca\/fr\/wp-json\/wp\/v2\/pages\/687\/revisions"}],"predecessor-version":[{"id":15036,"href":"https:\/\/horizon.trwa.ca\/fr\/wp-json\/wp\/v2\/pages\/687\/revisions\/15036"}],"wp:attachment":[{"href":"https:\/\/horizon.trwa.ca\/fr\/wp-json\/wp\/v2\/media?parent=687"}],"curies":[{"name":"wp","href":"https:\/\/api.w.org\/{rel}","templated":true}]}}