{"id":3021,"date":"2014-10-30T01:12:06","date_gmt":"2014-10-30T05:12:06","guid":{"rendered":"https:\/\/horizon.trwa.ca\/?page_id=3021"},"modified":"2025-08-30T21:55:47","modified_gmt":"2025-08-31T01:55:47","slug":"fabrics","status":"publish","type":"page","link":"https:\/\/horizon.trwa.ca\/fr\/fabrics\/","title":{"rendered":"Tissus"},"content":{"rendered":"<div class=\"wpb-content-wrapper\"><p>[vc_section full_width=\u00a0\u00bbstretch_row\u00a0\u00bb content_placement=\u00a0\u00bbtop\u00a0\u00bb parallax=\u00a0\u00bbcontent-moving\u00a0\u00bb parallax_image=\u00a0\u00bb13207&Prime; min_height=\u00a0\u00bb450px\u00a0\u00bb][vc_row][vc_column width=\u00a0\u00bb5\/6&Prime;][vc_empty_space height=\u00a0\u00bb200px\u00a0\u00bb][vc_custom_heading text=\u00a0\u00bbChoisissez parmi une large s\u00e9lection de couleurs et de qualit\u00e9s de tissus.\u00a0\u00bb font_container=\u00a0\u00bbtag:h1|text_align:left|color:%23FFFFFF|line_height:1.2em\u00a0\u00bb use_theme_fonts=\u00a0\u00bbyes\u00a0\u00bb css=\u00a0\u00bb\u00a0\u00bb][\/vc_column][vc_column width=\u00a0\u00bb1\/6&Prime;][\/vc_column][\/vc_row][\/vc_section][vc_section][vc_row][vc_column][vc_empty_space height=\u00a0\u00bb100px\u00a0\u00bb][\/vc_column][\/vc_row][vc_row][vc_column][vc_custom_heading text=\u00a0\u00bbCHOISIR PARMI SEPT NIVEAUX DE GROUPES DE TISSUS DIFF\u00c9RENTS\u00a0\u00bb font_container=\u00a0\u00bbtag:h4|text_align:left\u00a0\u00bb google_fonts=\u00a0\u00bbfont_family:Roboto%3A100%2C100italic%2C300%2C300italic%2Cregular%2Citalic%2C500%2C500italic%2C700%2C700italic%2C900%2C900italic|font_style:400%20regular%3A400%3Anormal\u00a0\u00bb css=\u00a0\u00bb.vc_custom_1752503752258{margin-bottom: 30px !important;}\u00a0\u00bb][vc_column_text css=\u00a0\u00bb\u00a0\u00bb]<\/p>\n<div class=\"module--translations-translatedtext js-module--translations-translatedtext is-placeholder\" data-size=\"s\">Horizon a \u00e9t\u00e9 l&rsquo;un des premiers fabricants de si\u00e8ges de bureau \u00e0 offrir une gamme interm\u00e9diaire de tissus ouverts en stock fabriqu\u00e9s \u00e0 partir de mat\u00e9riaux 100% recycl\u00e9s qui sont \u00e9galement 100% recyclables en fin de vie. De plus, Horizon est l&rsquo;un des premiers fabricants de produits de bureau \u00e0 offrir des options de rembourrage fabriqu\u00e9es en fibre de bambou. Apprenez-en davantage sur notre innovation en mati\u00e8re de tissus et notre engagement environnemental.<\/div>\n<p>[\/vc_column_text]<div class=\"content-wrapper\" data-wrapper-id=\"page\">\n    <div id=\"container\" class=\"entry-content link-style container-child\">\n        <div class=\"wpb-content-wrapper\">\n            <div class=\"vc-row-container container\">\n                <div id=\"cfg-content\" class=\"cfg-content\" role=\"main\">\n                    <!--div id=\"cfg-waiting\">\n                    FIXME!!!!\n                        <div id=\"cfg-progress\"><\/div>\n                    <\/div-->\n                    <div class=\"cfg-fabric-groups cfg-group-tbl\">\n            <div class=\"fab-group col\">\n            <div>\n                <a href=\"https:\/\/horizon.trwa.ca\/fr\/fabrics\/?action=grouppatterns&id=1\">\n                    <img decoding=\"async\" src=\"https:\/\/horizon.trwa.ca\/wp-content\/uploads\/2025\/09\/fabric-group1-300x211.jpg\"><br>\n                    \n                <\/a>\n            <\/div>\n            <div>\n                <a href=\"https:\/\/horizon.trwa.ca\/fr\/fabrics\/?action=grouppatterns&id=1\">groupe 1<\/a>\n            <\/div>\n        <\/div>\n            <div class=\"fab-group col\">\n            <div>\n                <a href=\"https:\/\/horizon.trwa.ca\/fr\/fabrics\/?action=grouppatterns&id=2\">\n                    <img decoding=\"async\" src=\"https:\/\/horizon.trwa.ca\/wp-content\/uploads\/2025\/09\/fabric-group2-300x211.jpg\"><br>\n                    \n                <\/a>\n            <\/div>\n            <div>\n                <a href=\"https:\/\/horizon.trwa.ca\/fr\/fabrics\/?action=grouppatterns&id=2\">groupe 2<\/a>\n            <\/div>\n        <\/div>\n            <div class=\"fab-group col\">\n            <div>\n                <a href=\"https:\/\/horizon.trwa.ca\/fr\/fabrics\/?action=grouppatterns&id=3\">\n                    <img decoding=\"async\" src=\"https:\/\/horizon.trwa.ca\/wp-content\/uploads\/2025\/09\/fabric-group3-300x211.jpg\"><br>\n                    \n                <\/a>\n            <\/div>\n            <div>\n                <a href=\"https:\/\/horizon.trwa.ca\/fr\/fabrics\/?action=grouppatterns&id=3\">groupe 3<\/a>\n            <\/div>\n        <\/div>\n            <div class=\"fab-group col\">\n            <div>\n                <a href=\"https:\/\/horizon.trwa.ca\/fr\/fabrics\/?action=grouppatterns&id=4\">\n                    <img decoding=\"async\" src=\"https:\/\/horizon.trwa.ca\/wp-content\/uploads\/2025\/09\/fabric-group4-300x211.jpg\"><br>\n                    \n                <\/a>\n            <\/div>\n            <div>\n                <a href=\"https:\/\/horizon.trwa.ca\/fr\/fabrics\/?action=grouppatterns&id=4\">groupe 4<\/a>\n            <\/div>\n        <\/div>\n            <div class=\"fab-group col\">\n            <div>\n                <a href=\"https:\/\/horizon.trwa.ca\/fr\/fabrics\/?action=grouppatterns&id=5\">\n                    <img decoding=\"async\" src=\"https:\/\/horizon.trwa.ca\/wp-content\/uploads\/2025\/09\/fabric-group5-300x211.jpg\"><br>\n                    \n                <\/a>\n            <\/div>\n            <div>\n                <a href=\"https:\/\/horizon.trwa.ca\/fr\/fabrics\/?action=grouppatterns&id=5\">groupe 5<\/a>\n            <\/div>\n        <\/div>\n            <div class=\"fab-group col\">\n            <div>\n                <a href=\"https:\/\/horizon.trwa.ca\/fr\/fabrics\/?action=grouppatterns&id=6\">\n                    <img decoding=\"async\" src=\"https:\/\/horizon.trwa.ca\/wp-content\/uploads\/2025\/09\/fabric-group6-300x211.jpg\"><br>\n                    \n                <\/a>\n            <\/div>\n            <div>\n                <a href=\"https:\/\/horizon.trwa.ca\/fr\/fabrics\/?action=grouppatterns&id=6\">groupe 6<\/a>\n            <\/div>\n        <\/div>\n            <div class=\"fab-group col\">\n            <div>\n                <a href=\"https:\/\/horizon.trwa.ca\/fr\/fabrics\/?action=grouppatterns&id=7\">\n                    <img decoding=\"async\" src=\"https:\/\/horizon.trwa.ca\/wp-content\/uploads\/2025\/09\/fabric-group-leather-300x211.jpg\"><br>\n                    \n                <\/a>\n            <\/div>\n            <div>\n                <a href=\"https:\/\/horizon.trwa.ca\/fr\/fabrics\/?action=grouppatterns&id=7\">cuir<\/a>\n            <\/div>\n        <\/div>\n    <\/div>                <\/div><!-- #cfg-content -->\n            <\/div><!-- .vc-row-container -->\n        <\/div><!-- .wpb-content-wrapper -->\n    <\/div><!-- #container -->\n<\/div><!-- .content-wrapper -->[\/vc_column][\/vc_row][\/vc_section]<\/p>\n<\/div>","protected":false},"excerpt":{"rendered":"<p>[vc_section full_width=\u00a0\u00bbstretch_row\u00a0\u00bb content_placement=\u00a0\u00bbtop\u00a0\u00bb parallax=\u00a0\u00bbcontent-moving\u00a0\u00bb parallax_image=\u00a0\u00bb13207&Prime; min_height=\u00a0\u00bb450px\u00a0\u00bb][vc_row][vc_column width=\u00a0\u00bb5\/6&Prime;][vc_empty_space height=\u00a0\u00bb200px\u00a0\u00bb][vc_custom_heading text=\u00a0\u00bbChoisissez parmi une large s\u00e9lection de couleurs et de qualit\u00e9s de tissus.\u00a0\u00bb font_container=\u00a0\u00bbtag:h1|text_align:left|color:%23FFFFFF|line_height:1.2em\u00a0\u00bb use_theme_fonts=\u00a0\u00bbyes\u00a0\u00bb css=\u00a0\u00bb\u00a0\u00bb][\/vc_column][vc_column width=\u00a0\u00bb1\/6&Prime;][\/vc_column][\/vc_row][\/vc_section][vc_section][vc_row][vc_column][vc_empty_space height=\u00a0\u00bb100px\u00a0\u00bb][\/vc_column][\/vc_row][vc_row][vc_column][vc_custom_heading text=\u00a0\u00bbCHOISIR PARMI SEPT NIVEAUX DE GROUPES DE TISSUS DIFF\u00c9RENTS\u00a0\u00bb font_container=\u00a0\u00bbtag:h4|text_align:left\u00a0\u00bb google_fonts=\u00a0\u00bbfont_family:Roboto%3A100%2C100italic%2C300%2C300italic%2Cregular%2Citalic%2C500%2C500italic%2C700%2C700italic%2C900%2C900italic|font_style:400%20regular%3A400%3Anormal\u00a0\u00bb css=\u00a0\u00bb.vc_custom_1752503752258{margin-bottom: 30px !important;}\u00a0\u00bb][vc_column_text css=\u00a0\u00bb\u00a0\u00bb] Horizon a \u00e9t\u00e9 l&rsquo;un des premiers fabricants de si\u00e8ges de bureau \u00e0 offrir une gamme&hellip;<\/p>\n","protected":false},"author":79,"featured_media":0,"parent":0,"menu_order":0,"comment_status":"closed","ping_status":"closed","template":"","meta":{"_acf_changed":false,"footnotes":""},"class_list":["post-3021","page","type-page","status-publish","hentry"],"acf":[],"_links":{"self":[{"href":"https:\/\/horizon.trwa.ca\/fr\/wp-json\/wp\/v2\/pages\/3021","targetHints":{"allow":["GET"]}}],"collection":[{"href":"https:\/\/horizon.trwa.ca\/fr\/wp-json\/wp\/v2\/pages"}],"about":[{"href":"https:\/\/horizon.trwa.ca\/fr\/wp-json\/wp\/v2\/types\/page"}],"author":[{"embeddable":true,"href":"https:\/\/horizon.trwa.ca\/fr\/wp-json\/wp\/v2\/users\/79"}],"replies":[{"embeddable":true,"href":"https:\/\/horizon.trwa.ca\/fr\/wp-json\/wp\/v2\/comments?post=3021"}],"version-history":[{"count":22,"href":"https:\/\/horizon.trwa.ca\/fr\/wp-json\/wp\/v2\/pages\/3021\/revisions"}],"predecessor-version":[{"id":15019,"href":"https:\/\/horizon.trwa.ca\/fr\/wp-json\/wp\/v2\/pages\/3021\/revisions\/15019"}],"wp:attachment":[{"href":"https:\/\/horizon.trwa.ca\/fr\/wp-json\/wp\/v2\/media?parent=3021"}],"curies":[{"name":"wp","href":"https:\/\/api.w.org\/{rel}","templated":true}]}}